{"id":220,"date":"2020-10-24T23:21:06","date_gmt":"2020-10-24T21:21:06","guid":{"rendered":"http:\/\/yca.be\/?page_id=220"},"modified":"2025-12-08T11:56:58","modified_gmt":"2025-12-08T10:56:58","slug":"tarifs-membre-fr","status":"publish","type":"page","link":"https:\/\/yca.be\/index.php\/tarifs-membre-fr\/","title":{"rendered":"Tarifs membre"},"content":{"rendered":"\t\t<div data-elementor-type=\"wp-page\" data-elementor-id=\"220\" class=\"elementor elementor-220\" data-elementor-post-type=\"page\">\n\t\t\t\t\t\t<section class=\"elementor-section elementor-top-section elementor-element elementor-element-1ac9e23 elementor-section-full_width elementor-section-stretched elementor-section-height-default elementor-section-height-default\" data-id=\"1ac9e23\" data-element_type=\"section\" data-settings=\"{&quot;stretch_section&quot;:&quot;section-stretched&quot;}\">\n\t\t\t\t\t\t<div class=\"elementor-container elementor-column-gap-default\">\n\t\t\t\t\t<div class=\"elementor-column elementor-col-100 elementor-top-column elementor-element elementor-element-26a8c47\" data-id=\"26a8c47\" data-element_type=\"column\">\n\t\t\t<div class=\"elementor-widget-wrap elementor-element-populated\">\n\t\t\t\t\t\t<div class=\"elementor-element elementor-element-9d3df55 elementor--h-position-center elementor--v-position-middle elementor-arrows-position-inside elementor-pagination-position-inside elementor-widget elementor-widget-slides\" data-id=\"9d3df55\" data-element_type=\"widget\" data-settings=\"{&quot;navigation&quot;:&quot;both&quot;,&quot;autoplay&quot;:&quot;yes&quot;,&quot;pause_on_hover&quot;:&quot;yes&quot;,&quot;pause_on_interaction&quot;:&quot;yes&quot;,&quot;autoplay_speed&quot;:5000,&quot;infinite&quot;:&quot;yes&quot;,&quot;transition&quot;:&quot;slide&quot;,&quot;transition_speed&quot;:500}\" data-widget_type=\"slides.default\">\n\t\t\t\t<div class=\"elementor-widget-container\">\n\t\t\t\t\t<div class=\"elementor-swiper\">\n\t\t\t<div class=\"elementor-slides-wrapper elementor-main-swiper swiper\" dir=\"ltr\" data-animation=\"fadeInUp\">\n\t\t\t\t<div class=\"swiper-wrapper elementor-slides\">\n\t\t\t\t\t\t\t\t\t\t<div class=\"elementor-repeater-item-59788ce swiper-slide\"><div class=\"swiper-slide-bg elementor-ken-burns elementor-ken-burns--in\" role=\"img\"><\/div><div class=\"elementor-background-overlay\"><\/div><div class=\"swiper-slide-inner\" ><div class=\"swiper-slide-contents\"><div class=\"elementor-slide-heading\">Cotisations pour les membres<\/div><div class=\"elementor-slide-description\">D\u00e9couvrez l'ensemble de nos tarifs pour les membres<\/div><\/div><\/div><\/div><div class=\"elementor-repeater-item-be1f7c7 swiper-slide\"><div class=\"swiper-slide-bg elementor-ken-burns elementor-ken-burns--in\" role=\"img\"><\/div><div class=\"elementor-background-overlay\"><\/div><div class=\"swiper-slide-inner\" ><div class=\"swiper-slide-contents\"><div class=\"elementor-slide-heading\">Cotisations pour les membres<\/div><div class=\"elementor-slide-description\">D\u00e9couvrez l'ensemble de nos cotisations pour les membres<\/div><\/div><\/div><\/div><div class=\"elementor-repeater-item-c353e48 swiper-slide\"><div class=\"swiper-slide-bg elementor-ken-burns elementor-ken-burns--in\" role=\"img\"><\/div><div class=\"elementor-background-overlay\"><\/div><div class=\"swiper-slide-inner\" ><div class=\"swiper-slide-contents\"><div class=\"elementor-slide-heading\">Cotisations pour les membres<\/div><div class=\"elementor-slide-description\">D\u00e9couvrez l'ensemble de nos tarifs pour les membres<\/div><\/div><\/div><\/div>\t\t\t\t<\/div>\n\t\t\t\t\t\t\t\t\t\t\t\t\t\t\t<div class=\"swiper-pagination\"><\/div>\n\t\t\t\t\t\t\t\t\t\t\t\t\t\t\t\t<div class=\"elementor-swiper-button elementor-swiper-button-prev\" role=\"button\" tabindex=\"0\">\n\t\t\t\t\t\t\t<i aria-hidden=\"true\" class=\"eicon-chevron-left\"><\/i>\t\t\t\t\t\t\t<span class=\"elementor-screen-only\">Diapositive pr\u00e9c\u00e9dente<\/span>\n\t\t\t\t\t\t<\/div>\n\t\t\t\t\t\t<div class=\"elementor-swiper-button elementor-swiper-button-next\" role=\"button\" tabindex=\"0\">\n\t\t\t\t\t\t\t<i aria-hidden=\"true\" class=\"eicon-chevron-right\"><\/i>\t\t\t\t\t\t\t<span class=\"elementor-screen-only\">Diapositive suivante<\/span>\n\t\t\t\t\t\t<\/div>\n\t\t\t\t\t\t\t\t\t\t\t\t<\/div>\n\t\t<\/div>\n\t\t\t\t<\/div>\n\t\t\t\t<\/div>\n\t\t\t\t\t<\/div>\n\t\t<\/div>\n\t\t\t\t\t<\/div>\n\t\t<\/section>\n\t\t\t\t<section class=\"elementor-section elementor-top-section elementor-element elementor-element-512ca48 elementor-section-boxed elementor-section-height-default elementor-section-height-default\" data-id=\"512ca48\" data-element_type=\"section\">\n\t\t\t\t\t\t<div class=\"elementor-container elementor-column-gap-default\">\n\t\t\t\t\t<div class=\"elementor-column elementor-col-100 elementor-top-column elementor-element elementor-element-61ab0b7\" data-id=\"61ab0b7\" data-element_type=\"column\">\n\t\t\t<div class=\"elementor-widget-wrap elementor-element-populated\">\n\t\t\t\t\t\t<div class=\"elementor-element elementor-element-826d549 elementor-widget elementor-widget-text-editor\" data-id=\"826d549\" data-element_type=\"widget\" data-widget_type=\"text-editor.default\">\n\t\t\t\t<div class=\"elementor-widget-container\">\n\t\t\t\t\t\t\t<h4><strong>Cotisation annuelle\/par personne<\/strong><\/h4>\t\t\t\t\t\t<\/div>\n\t\t\t\t<\/div>\n\t\t\t\t\t<\/div>\n\t\t<\/div>\n\t\t\t\t\t<\/div>\n\t\t<\/section>\n\t\t\t\t<section class=\"elementor-section elementor-top-section elementor-element elementor-element-57ecb2b elementor-section-boxed elementor-section-height-default elementor-section-height-default\" data-id=\"57ecb2b\" data-element_type=\"section\">\n\t\t\t\t\t\t<div class=\"elementor-container elementor-column-gap-default\">\n\t\t\t\t\t<div class=\"elementor-column elementor-col-100 elementor-top-column elementor-element elementor-element-9bee260\" data-id=\"9bee260\" data-element_type=\"column\">\n\t\t\t<div class=\"elementor-widget-wrap elementor-element-populated\">\n\t\t\t\t\t\t<div class=\"elementor-element elementor-element-d6512f8 elementor-widget elementor-widget-text-editor\" data-id=\"d6512f8\" data-element_type=\"widget\" data-widget_type=\"text-editor.default\">\n\t\t\t\t<div class=\"elementor-widget-container\">\n\t\t\t\t\t\t\t<p>1\u00e8re<strong> ann\u00e9e <\/strong>(y compris les frais administratifs\u00a0 <strong>200 \u20ac<\/strong><\/p><p><strong>Ann\u00e9es suivantes <\/strong>\u00a0membre adh\u00e9rent\u00a0 \u00a0 \u00a0 \u00a0 \u00a0 \u00a0 \u00a0 \u00a0<strong>9<\/strong><strong>0 \u20ac<\/strong><\/p><p>\u00a0 \u00a0 \u00a0 \u00a0 \u00a0 \u00a0 \u00a0 \u00a0 \u00a0 \u00a0 \u00a0 \u00a0 \u00a0 \u00a0 \u00a0 \u00a0 membre effectif\u00a0 \u00a0 \u00a0 \u00a0 \u00a0 \u00a0 \u00a0 \u00a0 \u00a0 <strong>90 \u20ac<\/strong><\/p><p>\u00a0 \u00a0 \u00a0 \u00a0 \u00a0 \u00a0 \u00a0 \u00a0 \u00a0 \u00a0 \u00a0 \u00a0 \u00a0 \u00a0 \u00a0 \u00a0 membre sympathisant\u00a0 \u00a0 \u00a0 \u00a0 <strong>45 \u20ac<\/strong>\u00a0\u00a0<\/p>\t\t\t\t\t\t<\/div>\n\t\t\t\t<\/div>\n\t\t\t\t\t<\/div>\n\t\t<\/div>\n\t\t\t\t\t<\/div>\n\t\t<\/section>\n\t\t\t\t<section class=\"elementor-section elementor-top-section elementor-element elementor-element-4ca533d elementor-section-boxed elementor-section-height-default elementor-section-height-default\" data-id=\"4ca533d\" data-element_type=\"section\">\n\t\t\t\t\t\t<div class=\"elementor-container elementor-column-gap-default\">\n\t\t\t\t\t<div class=\"elementor-column elementor-col-100 elementor-top-column elementor-element elementor-element-2dec5a8\" data-id=\"2dec5a8\" data-element_type=\"column\">\n\t\t\t<div class=\"elementor-widget-wrap elementor-element-populated\">\n\t\t\t\t\t\t<div class=\"elementor-element elementor-element-b594d97 elementor-widget elementor-widget-text-editor\" data-id=\"b594d97\" data-element_type=\"widget\" data-widget_type=\"text-editor.default\">\n\t\t\t\t<div class=\"elementor-widget-container\">\n\t\t\t\t\t\t\t<p>(*) Remarques:<\/p>\n<ul>\n<li>le non-paiement avant le 01\/03 entra\u00eene la perte du statut de membre<\/li>\n<li>le membre sympathisant ne pourra pr\u00e9tendre \u00e0 une place sur la liste d&#8217;attente ou \u00e0 un emplacement dans le port<\/li>\n<li>tout membre devra respecter les statuts et le R.O.I.<\/li>\n<li>le paiement de la cotisation donne aux membres certains avantages, notamment, la revue trimestrielle, les invitations aux activit\u00e9s, l&#8217;acc\u00e8s \u00e0 l&#8217;espace membre sur internet.<\/li>\n<\/ul>\t\t\t\t\t\t<\/div>\n\t\t\t\t<\/div>\n\t\t\t\t\t<\/div>\n\t\t<\/div>\n\t\t\t\t\t<\/div>\n\t\t<\/section>\n\t\t\t\t<section class=\"elementor-section elementor-top-section elementor-element elementor-element-5ac89c1 elementor-section-boxed elementor-section-height-default elementor-section-height-default\" data-id=\"5ac89c1\" data-element_type=\"section\">\n\t\t\t\t\t\t<div class=\"elementor-container elementor-column-gap-default\">\n\t\t\t\t\t<div class=\"elementor-column elementor-col-100 elementor-top-column elementor-element elementor-element-40d1ddf\" data-id=\"40d1ddf\" data-element_type=\"column\">\n\t\t\t<div class=\"elementor-widget-wrap elementor-element-populated\">\n\t\t\t\t\t\t<div class=\"elementor-element elementor-element-73126d0 elementor-widget elementor-widget-text-editor\" data-id=\"73126d0\" data-element_type=\"widget\" data-widget_type=\"text-editor.default\">\n\t\t\t\t<div class=\"elementor-widget-container\">\n\t\t\t\t\t\t\t<p><strong>Licence LMB\/personne\u00a0<\/strong>\u00a0 \u00a0 \u00a0 \u00a0 \u00a0 \u00a0 \u00a0 \u00a0 \u00a0 \u00a0 \u00a0 \u00a0 \u00a0 \u00a0 \u00a0 \u00a0 \u00a0 \u00a0 \u00a0 \u00a0<strong>10 \u20ac\u00a0<\/strong><span style=\"color: var(--ast-global-color-3); font-size: 13.68px;\">\u00a0 \u00a0 \u00a0<\/span><\/p>\t\t\t\t\t\t<\/div>\n\t\t\t\t<\/div>\n\t\t\t\t\t<\/div>\n\t\t<\/div>\n\t\t\t\t\t<\/div>\n\t\t<\/section>\n\t\t\t\t<section class=\"elementor-section elementor-top-section elementor-element elementor-element-8f2a6ef elementor-section-boxed elementor-section-height-default elementor-section-height-default\" data-id=\"8f2a6ef\" data-element_type=\"section\">\n\t\t\t\t\t\t<div class=\"elementor-container elementor-column-gap-default\">\n\t\t\t\t\t<div class=\"elementor-column elementor-col-100 elementor-top-column elementor-element elementor-element-afc9240\" data-id=\"afc9240\" data-element_type=\"column\">\n\t\t\t<div class=\"elementor-widget-wrap elementor-element-populated\">\n\t\t\t\t\t\t<div class=\"elementor-element elementor-element-a51cfe8 elementor-button-info elementor-widget elementor-widget-button\" data-id=\"a51cfe8\" data-element_type=\"widget\" data-widget_type=\"button.default\">\n\t\t\t\t<div class=\"elementor-widget-container\">\n\t\t\t\t\t<div class=\"elementor-button-wrapper\">\n\t\t\t<a class=\"elementor-button elementor-button-link elementor-size-sm\" href=\"https:\/\/yca.be\/index.php\/assurance-lmb\/\">\n\t\t\t\t\t\t<span class=\"elementor-button-content-wrapper\">\n\t\t\t\t\t\t\t\t\t<span class=\"elementor-button-text\">Explication sur www.yca.be\/Assurance LMB<\/span>\n\t\t\t\t\t<\/span>\n\t\t\t\t\t<\/a>\n\t\t<\/div>\n\t\t\t\t<\/div>\n\t\t\t\t<\/div>\n\t\t\t\t\t<\/div>\n\t\t<\/div>\n\t\t\t\t\t<\/div>\n\t\t<\/section>\n\t\t\t\t<\/div>\n\t\t","protected":false},"excerpt":{"rendered":"<p>Cotisations pour les membresD\u00e9couvrez l&#8217;ensemble de nos tarifs pour les membresCotisations pour les membresD\u00e9couvrez l&#8217;ensemble de nos cotisations pour les membresCotisations pour les membresD\u00e9couvrez l&#8217;ensemble de nos tarifs pour les membres Diapositive pr\u00e9c\u00e9dente Diapositive suivante Cotisation annuelle\/par personne 1\u00e8re ann\u00e9e (y compris les frais administratifs\u00a0 200 \u20ac Ann\u00e9es suivantes \u00a0membre adh\u00e9rent\u00a0 \u00a0 \u00a0 \u00a0 \u00a0 [&hellip;]<\/p>\n","protected":false},"author":1,"featured_media":0,"parent":0,"menu_order":0,"comment_status":"closed","ping_status":"closed","template":"","meta":{"_bbp_topic_count":0,"_bbp_reply_count":0,"_bbp_total_topic_count":0,"_bbp_total_reply_count":0,"_bbp_voice_count":0,"_bbp_anonymous_reply_count":0,"_bbp_topic_count_hidden":0,"_bbp_reply_count_hidden":0,"_bbp_forum_subforum_count":0,"site-sidebar-layout":"no-sidebar","site-content-layout":"page-builder","ast-site-content-layout":"default","site-content-style":"default","site-sidebar-style":"default","ast-global-header-display":"","ast-banner-title-visibility":"","ast-main-header-display":"","ast-hfb-above-header-display":"","ast-hfb-below-header-display":"","ast-hfb-mobile-header-display":"","site-post-title":"disabled","ast-breadcrumbs-content":"","ast-featured-img":"disabled","footer-sml-layout":"","ast-disable-related-posts":"","theme-transparent-header-meta":"default","adv-header-id-meta":"","stick-header-meta":"default","header-above-stick-meta":"","header-main-stick-meta":"","header-below-stick-meta":"","astra-migrate-meta-layouts":"default","ast-page-background-enabled":"default","ast-page-background-meta":{"desktop":{"background-color":"","background-image":"","background-repeat":"repeat","background-position":"center center","background-size":"auto","background-attachment":"scroll","background-type":"","background-media":"","overlay-type":"","overlay-color":"","overlay-opacity":"","overlay-gradient":""},"tablet":{"background-color":"","background-image":"","background-repeat":"repeat","background-position":"center center","background-size":"auto","background-attachment":"scroll","background-type":"","background-media":"","overlay-type":"","overlay-color":"","overlay-opacity":"","overlay-gradient":""},"mobile":{"background-color":"","background-image":"","background-repeat":"repeat","background-position":"center center","background-size":"auto","background-attachment":"scroll","background-type":"","background-media":"","overlay-type":"","overlay-color":"","overlay-opacity":"","overlay-gradient":""}},"ast-content-background-meta":{"desktop":{"background-color":"var(--ast-global-color-5)","background-image":"","background-repeat":"repeat","background-position":"center center","background-size":"auto","background-attachment":"scroll","background-type":"","background-media":"","overlay-type":"","overlay-color":"","overlay-opacity":"","overlay-gradient":""},"tablet":{"background-color":"var(--ast-global-color-5)","background-image":"","background-repeat":"repeat","background-position":"center center","background-size":"auto","background-attachment":"scroll","background-type":"","background-media":"","overlay-type":"","overlay-color":"","overlay-opacity":"","overlay-gradient":""},"mobile":{"background-color":"var(--ast-global-color-5)","background-image":"","background-repeat":"repeat","background-position":"center center","background-size":"auto","background-attachment":"scroll","background-type":"","background-media":"","overlay-type":"","overlay-color":"","overlay-opacity":"","overlay-gradient":""}},"footnotes":""},"class_list":["post-220","page","type-page","status-publish","hentry"],"yoast_head":"<!-- This site is optimized with the Yoast SEO plugin v23.4 - https:\/\/yoast.com\/wordpress\/plugins\/seo\/ -->\n<title>Tarifs membre - Yacht club d&#039;Anseremme<\/title>\n<meta name=\"robots\" content=\"index, follow, max-snippet:-1, max-image-preview:large, max-video-preview:-1\" \/>\n<link rel=\"canonical\" href=\"https:\/\/yca.be\/index.php\/tarifs-membre-fr\/\" \/>\n<meta property=\"og:locale\" content=\"fr_FR\" \/>\n<meta property=\"og:type\" content=\"article\" \/>\n<meta property=\"og:title\" content=\"Tarifs membre - Yacht club d&#039;Anseremme\" \/>\n<meta property=\"og:description\" content=\"Cotisations pour les membresD\u00e9couvrez l&#8217;ensemble de nos tarifs pour les membresCotisations pour les membresD\u00e9couvrez l&#8217;ensemble de nos cotisations pour les membresCotisations pour les membresD\u00e9couvrez l&#8217;ensemble de nos tarifs pour les membres Diapositive pr\u00e9c\u00e9dente Diapositive suivante Cotisation annuelle\/par personne 1\u00e8re ann\u00e9e (y compris les frais administratifs\u00a0 200 \u20ac Ann\u00e9es suivantes \u00a0membre adh\u00e9rent\u00a0 \u00a0 \u00a0 \u00a0 \u00a0 [&hellip;]\" \/>\n<meta property=\"og:url\" content=\"https:\/\/yca.be\/index.php\/tarifs-membre-fr\/\" \/>\n<meta property=\"og:site_name\" content=\"Yacht club d&#039;Anseremme\" \/>\n<meta property=\"article:modified_time\" content=\"2025-12-08T10:56:58+00:00\" \/>\n<meta name=\"twitter:card\" content=\"summary_large_image\" \/>\n<meta name=\"twitter:label1\" content=\"Dur\u00e9e de lecture estim\u00e9e\" \/>\n\t<meta name=\"twitter:data1\" content=\"2 minutes\" \/>\n<script type=\"application\/ld+json\" class=\"yoast-schema-graph\">{\"@context\":\"https:\/\/schema.org\",\"@graph\":[{\"@type\":\"WebPage\",\"@id\":\"https:\/\/yca.be\/index.php\/tarifs-membre-fr\/\",\"url\":\"https:\/\/yca.be\/index.php\/tarifs-membre-fr\/\",\"name\":\"Tarifs membre - Yacht club d&#039;Anseremme\",\"isPartOf\":{\"@id\":\"https:\/\/yca.be\/#website\"},\"datePublished\":\"2020-10-24T21:21:06+00:00\",\"dateModified\":\"2025-12-08T10:56:58+00:00\",\"breadcrumb\":{\"@id\":\"https:\/\/yca.be\/index.php\/tarifs-membre-fr\/#breadcrumb\"},\"inLanguage\":\"fr-FR\",\"potentialAction\":[{\"@type\":\"ReadAction\",\"target\":[\"https:\/\/yca.be\/index.php\/tarifs-membre-fr\/\"]}]},{\"@type\":\"BreadcrumbList\",\"@id\":\"https:\/\/yca.be\/index.php\/tarifs-membre-fr\/#breadcrumb\",\"itemListElement\":[{\"@type\":\"ListItem\",\"position\":1,\"name\":\"Accueil\",\"item\":\"https:\/\/yca.be\/\"},{\"@type\":\"ListItem\",\"position\":2,\"name\":\"Tarifs membre\"}]},{\"@type\":\"WebSite\",\"@id\":\"https:\/\/yca.be\/#website\",\"url\":\"https:\/\/yca.be\/\",\"name\":\"Yacht club d&#039;Anseremme\",\"description\":\"Port d&#039;Anseremme\",\"publisher\":{\"@id\":\"https:\/\/yca.be\/#organization\"},\"potentialAction\":[{\"@type\":\"SearchAction\",\"target\":{\"@type\":\"EntryPoint\",\"urlTemplate\":\"https:\/\/yca.be\/?s={search_term_string}\"},\"query-input\":{\"@type\":\"PropertyValueSpecification\",\"valueRequired\":true,\"valueName\":\"search_term_string\"}}],\"inLanguage\":\"fr-FR\"},{\"@type\":\"Organization\",\"@id\":\"https:\/\/yca.be\/#organization\",\"name\":\"Yacht Club d'Anseremme\",\"url\":\"https:\/\/yca.be\/\",\"logo\":{\"@type\":\"ImageObject\",\"inLanguage\":\"fr-FR\",\"@id\":\"https:\/\/yca.be\/#\/schema\/logo\/image\/\",\"url\":\"https:\/\/i0.wp.com\/yca.be\/wp-content\/uploads\/2020\/10\/logo-180x180.png?fit=180%2C180&ssl=1\",\"contentUrl\":\"https:\/\/i0.wp.com\/yca.be\/wp-content\/uploads\/2020\/10\/logo-180x180.png?fit=180%2C180&ssl=1\",\"width\":180,\"height\":180,\"caption\":\"Yacht Club d'Anseremme\"},\"image\":{\"@id\":\"https:\/\/yca.be\/#\/schema\/logo\/image\/\"}}]}<\/script>\n<!-- \/ Yoast SEO plugin. -->","yoast_head_json":{"title":"Tarifs membre - Yacht club d&#039;Anseremme","robots":{"index":"index","follow":"follow","max-snippet":"max-snippet:-1","max-image-preview":"max-image-preview:large","max-video-preview":"max-video-preview:-1"},"canonical":"https:\/\/yca.be\/index.php\/tarifs-membre-fr\/","og_locale":"fr_FR","og_type":"article","og_title":"Tarifs membre - Yacht club d&#039;Anseremme","og_description":"Cotisations pour les membresD\u00e9couvrez l&#8217;ensemble de nos tarifs pour les membresCotisations pour les membresD\u00e9couvrez l&#8217;ensemble de nos cotisations pour les membresCotisations pour les membresD\u00e9couvrez l&#8217;ensemble de nos tarifs pour les membres Diapositive pr\u00e9c\u00e9dente Diapositive suivante Cotisation annuelle\/par personne 1\u00e8re ann\u00e9e (y compris les frais administratifs\u00a0 200 \u20ac Ann\u00e9es suivantes \u00a0membre adh\u00e9rent\u00a0 \u00a0 \u00a0 \u00a0 \u00a0 [&hellip;]","og_url":"https:\/\/yca.be\/index.php\/tarifs-membre-fr\/","og_site_name":"Yacht club d&#039;Anseremme","article_modified_time":"2025-12-08T10:56:58+00:00","twitter_card":"summary_large_image","twitter_misc":{"Dur\u00e9e de lecture estim\u00e9e":"2 minutes"},"schema":{"@context":"https:\/\/schema.org","@graph":[{"@type":"WebPage","@id":"https:\/\/yca.be\/index.php\/tarifs-membre-fr\/","url":"https:\/\/yca.be\/index.php\/tarifs-membre-fr\/","name":"Tarifs membre - Yacht club d&#039;Anseremme","isPartOf":{"@id":"https:\/\/yca.be\/#website"},"datePublished":"2020-10-24T21:21:06+00:00","dateModified":"2025-12-08T10:56:58+00:00","breadcrumb":{"@id":"https:\/\/yca.be\/index.php\/tarifs-membre-fr\/#breadcrumb"},"inLanguage":"fr-FR","potentialAction":[{"@type":"ReadAction","target":["https:\/\/yca.be\/index.php\/tarifs-membre-fr\/"]}]},{"@type":"BreadcrumbList","@id":"https:\/\/yca.be\/index.php\/tarifs-membre-fr\/#breadcrumb","itemListElement":[{"@type":"ListItem","position":1,"name":"Accueil","item":"https:\/\/yca.be\/"},{"@type":"ListItem","position":2,"name":"Tarifs membre"}]},{"@type":"WebSite","@id":"https:\/\/yca.be\/#website","url":"https:\/\/yca.be\/","name":"Yacht club d&#039;Anseremme","description":"Port d&#039;Anseremme","publisher":{"@id":"https:\/\/yca.be\/#organization"},"potentialAction":[{"@type":"SearchAction","target":{"@type":"EntryPoint","urlTemplate":"https:\/\/yca.be\/?s={search_term_string}"},"query-input":{"@type":"PropertyValueSpecification","valueRequired":true,"valueName":"search_term_string"}}],"inLanguage":"fr-FR"},{"@type":"Organization","@id":"https:\/\/yca.be\/#organization","name":"Yacht Club d'Anseremme","url":"https:\/\/yca.be\/","logo":{"@type":"ImageObject","inLanguage":"fr-FR","@id":"https:\/\/yca.be\/#\/schema\/logo\/image\/","url":"https:\/\/i0.wp.com\/yca.be\/wp-content\/uploads\/2020\/10\/logo-180x180.png?fit=180%2C180&ssl=1","contentUrl":"https:\/\/i0.wp.com\/yca.be\/wp-content\/uploads\/2020\/10\/logo-180x180.png?fit=180%2C180&ssl=1","width":180,"height":180,"caption":"Yacht Club d'Anseremme"},"image":{"@id":"https:\/\/yca.be\/#\/schema\/logo\/image\/"}}]}},"jetpack_sharing_enabled":true,"jetpack_likes_enabled":true,"_links":{"self":[{"href":"https:\/\/yca.be\/index.php\/wp-json\/wp\/v2\/pages\/220"}],"collection":[{"href":"https:\/\/yca.be\/index.php\/wp-json\/wp\/v2\/pages"}],"about":[{"href":"https:\/\/yca.be\/index.php\/wp-json\/wp\/v2\/types\/page"}],"author":[{"embeddable":true,"href":"https:\/\/yca.be\/index.php\/wp-json\/wp\/v2\/users\/1"}],"replies":[{"embeddable":true,"href":"https:\/\/yca.be\/index.php\/wp-json\/wp\/v2\/comments?post=220"}],"version-history":[{"count":80,"href":"https:\/\/yca.be\/index.php\/wp-json\/wp\/v2\/pages\/220\/revisions"}],"predecessor-version":[{"id":18231,"href":"https:\/\/yca.be\/index.php\/wp-json\/wp\/v2\/pages\/220\/revisions\/18231"}],"wp:attachment":[{"href":"https:\/\/yca.be\/index.php\/wp-json\/wp\/v2\/media?parent=220"}],"curies":[{"name":"wp","href":"https:\/\/api.w.org\/{rel}","templated":true}]}}