{"id":217,"date":"2020-10-24T23:19:20","date_gmt":"2020-10-24T21:19:20","guid":{"rendered":"http:\/\/yca.be\/?page_id=217"},"modified":"2025-02-18T17:58:25","modified_gmt":"2025-02-18T16:58:25","slug":"service-fr","status":"publish","type":"page","link":"https:\/\/yca.be\/index.php\/service-fr\/","title":{"rendered":"Service"},"content":{"rendered":"\t\t<div data-elementor-type=\"wp-page\" data-elementor-id=\"217\" class=\"elementor elementor-217\" data-elementor-post-type=\"page\">\n\t\t\t\t\t\t<section class=\"elementor-section elementor-top-section elementor-element elementor-element-2c68079 elementor-section-full_width elementor-section-stretched elementor-section-height-default elementor-section-height-default\" data-id=\"2c68079\" data-element_type=\"section\" data-settings=\"{&quot;stretch_section&quot;:&quot;section-stretched&quot;}\">\n\t\t\t\t\t\t<div class=\"elementor-container elementor-column-gap-default\">\n\t\t\t\t\t<div class=\"elementor-column elementor-col-100 elementor-top-column elementor-element elementor-element-2a4277f\" data-id=\"2a4277f\" data-element_type=\"column\">\n\t\t\t<div class=\"elementor-widget-wrap elementor-element-populated\">\n\t\t\t\t\t\t<div class=\"elementor-element elementor-element-4896a20 elementor--h-position-center elementor--v-position-middle elementor-arrows-position-inside elementor-pagination-position-inside elementor-widget elementor-widget-slides\" data-id=\"4896a20\" data-element_type=\"widget\" data-settings=\"{&quot;navigation&quot;:&quot;both&quot;,&quot;autoplay&quot;:&quot;yes&quot;,&quot;pause_on_hover&quot;:&quot;yes&quot;,&quot;pause_on_interaction&quot;:&quot;yes&quot;,&quot;autoplay_speed&quot;:5000,&quot;infinite&quot;:&quot;yes&quot;,&quot;transition&quot;:&quot;slide&quot;,&quot;transition_speed&quot;:500}\" data-widget_type=\"slides.default\">\n\t\t\t\t<div class=\"elementor-widget-container\">\n\t\t\t\t\t<div class=\"elementor-swiper\">\n\t\t\t<div class=\"elementor-slides-wrapper elementor-main-swiper swiper\" dir=\"ltr\" data-animation=\"fadeInUp\">\n\t\t\t\t<div class=\"swiper-wrapper elementor-slides\">\n\t\t\t\t\t\t\t\t\t\t<div class=\"elementor-repeater-item-59788ce swiper-slide\"><div class=\"swiper-slide-bg elementor-ken-burns elementor-ken-burns--in\" role=\"img\"><\/div><div class=\"elementor-background-overlay\"><\/div><div class=\"swiper-slide-inner\" ><div class=\"swiper-slide-contents\"><div class=\"elementor-slide-heading\">Nos services<\/div><div class=\"elementor-slide-description\">D\u00e9couvrez l'ensemble de nos services.<\/div><\/div><\/div><\/div>\t\t\t\t<\/div>\n\t\t\t\t\t\t\t<\/div>\n\t\t<\/div>\n\t\t\t\t<\/div>\n\t\t\t\t<\/div>\n\t\t\t\t<div class=\"elementor-element elementor-element-017bce0 elementor-widget elementor-widget-spacer\" data-id=\"017bce0\" data-element_type=\"widget\" data-widget_type=\"spacer.default\">\n\t\t\t\t<div class=\"elementor-widget-container\">\n\t\t\t\t\t<div class=\"elementor-spacer\">\n\t\t\t<div class=\"elementor-spacer-inner\"><\/div>\n\t\t<\/div>\n\t\t\t\t<\/div>\n\t\t\t\t<\/div>\n\t\t\t\t\t<\/div>\n\t\t<\/div>\n\t\t\t\t\t<\/div>\n\t\t<\/section>\n\t\t\t\t<section class=\"elementor-section elementor-top-section elementor-element elementor-element-98e5256 elementor-section-boxed elementor-section-height-default elementor-section-height-default elementor-invisible\" data-id=\"98e5256\" data-element_type=\"section\" data-settings=\"{&quot;animation&quot;:&quot;zoomInDown&quot;}\">\n\t\t\t\t\t\t<div class=\"elementor-container elementor-column-gap-default\">\n\t\t\t\t\t<div class=\"elementor-column elementor-col-16 elementor-top-column elementor-element elementor-element-388e174\" data-id=\"388e174\" data-element_type=\"column\">\n\t\t\t<div class=\"elementor-widget-wrap elementor-element-populated\">\n\t\t\t\t\t\t<div class=\"elementor-element elementor-element-b8dbdf9 elementor-widget elementor-widget-image\" data-id=\"b8dbdf9\" data-element_type=\"widget\" data-widget_type=\"image.default\">\n\t\t\t\t<div class=\"elementor-widget-container\">\n\t\t\t\t\t\t\t\t\t\t\t\t\t<img fetchpriority=\"high\" decoding=\"async\" width=\"300\" height=\"300\" src=\"https:\/\/i0.wp.com\/yca.be\/wp-content\/uploads\/2020\/10\/Sanitaire.png?fit=300%2C300&amp;ssl=1\" class=\"attachment-large size-large wp-image-393\" alt=\"\" srcset=\"https:\/\/i0.wp.com\/yca.be\/wp-content\/uploads\/2020\/10\/Sanitaire.png?w=300&amp;ssl=1 300w, https:\/\/i0.wp.com\/yca.be\/wp-content\/uploads\/2020\/10\/Sanitaire.png?resize=150%2C150&amp;ssl=1 150w\" sizes=\"(max-width: 300px) 100vw, 300px\" \/>\t\t\t\t\t\t\t\t\t\t\t\t\t<\/div>\n\t\t\t\t<\/div>\n\t\t\t\t<div class=\"elementor-element elementor-element-93442a2 elementor-widget elementor-widget-text-editor\" data-id=\"93442a2\" data-element_type=\"widget\" data-widget_type=\"text-editor.default\">\n\t\t\t\t<div class=\"elementor-widget-container\">\n\t\t\t\t\t\t\t<h5>Sanitaires<\/h5>\t\t\t\t\t\t<\/div>\n\t\t\t\t<\/div>\n\t\t\t\t\t<\/div>\n\t\t<\/div>\n\t\t\t\t<div class=\"elementor-column elementor-col-16 elementor-top-column elementor-element elementor-element-f8971eb\" data-id=\"f8971eb\" data-element_type=\"column\">\n\t\t\t<div class=\"elementor-widget-wrap elementor-element-populated\">\n\t\t\t\t\t\t<div class=\"elementor-element elementor-element-170192a elementor-widget elementor-widget-image\" data-id=\"170192a\" data-element_type=\"widget\" data-widget_type=\"image.default\">\n\t\t\t\t<div class=\"elementor-widget-container\">\n\t\t\t\t\t\t\t\t\t\t\t\t\t<img decoding=\"async\" width=\"300\" height=\"300\" src=\"https:\/\/i0.wp.com\/yca.be\/wp-content\/uploads\/2020\/10\/Douche.png?fit=300%2C300&amp;ssl=1\" class=\"attachment-large size-large wp-image-388\" alt=\"\" srcset=\"https:\/\/i0.wp.com\/yca.be\/wp-content\/uploads\/2020\/10\/Douche.png?w=300&amp;ssl=1 300w, https:\/\/i0.wp.com\/yca.be\/wp-content\/uploads\/2020\/10\/Douche.png?resize=150%2C150&amp;ssl=1 150w\" sizes=\"(max-width: 300px) 100vw, 300px\" \/>\t\t\t\t\t\t\t\t\t\t\t\t\t<\/div>\n\t\t\t\t<\/div>\n\t\t\t\t<div class=\"elementor-element elementor-element-a8f89df elementor-widget elementor-widget-text-editor\" data-id=\"a8f89df\" data-element_type=\"widget\" data-widget_type=\"text-editor.default\">\n\t\t\t\t<div class=\"elementor-widget-container\">\n\t\t\t\t\t\t\t<h5>Douches<\/h5>\t\t\t\t\t\t<\/div>\n\t\t\t\t<\/div>\n\t\t\t\t\t<\/div>\n\t\t<\/div>\n\t\t\t\t<div class=\"elementor-column elementor-col-16 elementor-top-column elementor-element elementor-element-d464b62\" data-id=\"d464b62\" data-element_type=\"column\">\n\t\t\t<div class=\"elementor-widget-wrap elementor-element-populated\">\n\t\t\t\t\t\t<div class=\"elementor-element elementor-element-f40454b elementor-widget elementor-widget-image\" data-id=\"f40454b\" data-element_type=\"widget\" data-widget_type=\"image.default\">\n\t\t\t\t<div class=\"elementor-widget-container\">\n\t\t\t\t\t\t\t\t\t\t\t\t\t<img decoding=\"async\" width=\"300\" height=\"300\" src=\"https:\/\/i0.wp.com\/yca.be\/wp-content\/uploads\/2020\/10\/machine-a\u0300-laver.png?fit=300%2C300&amp;ssl=1\" class=\"attachment-large size-large wp-image-391\" alt=\"\" srcset=\"https:\/\/i0.wp.com\/yca.be\/wp-content\/uploads\/2020\/10\/machine-a\u0300-laver.png?w=300&amp;ssl=1 300w, https:\/\/i0.wp.com\/yca.be\/wp-content\/uploads\/2020\/10\/machine-a\u0300-laver.png?resize=150%2C150&amp;ssl=1 150w\" sizes=\"(max-width: 300px) 100vw, 300px\" \/>\t\t\t\t\t\t\t\t\t\t\t\t\t<\/div>\n\t\t\t\t<\/div>\n\t\t\t\t<div class=\"elementor-element elementor-element-d02fd49 elementor-widget elementor-widget-text-editor\" data-id=\"d02fd49\" data-element_type=\"widget\" data-widget_type=\"text-editor.default\">\n\t\t\t\t<div class=\"elementor-widget-container\">\n\t\t\t\t\t\t\t<h5>Machine \u00e0 laver et s\u00e9choir<\/h5>\t\t\t\t\t\t<\/div>\n\t\t\t\t<\/div>\n\t\t\t\t\t<\/div>\n\t\t<\/div>\n\t\t\t\t<div class=\"elementor-column elementor-col-16 elementor-top-column elementor-element elementor-element-3f1e3e2\" data-id=\"3f1e3e2\" data-element_type=\"column\">\n\t\t\t<div class=\"elementor-widget-wrap elementor-element-populated\">\n\t\t\t\t\t\t<div class=\"elementor-element elementor-element-cb4d1a6 elementor-widget elementor-widget-image\" data-id=\"cb4d1a6\" data-element_type=\"widget\" data-widget_type=\"image.default\">\n\t\t\t\t<div class=\"elementor-widget-container\">\n\t\t\t\t\t\t\t\t\t\t\t\t\t<img loading=\"lazy\" decoding=\"async\" width=\"300\" height=\"300\" src=\"https:\/\/i0.wp.com\/yca.be\/wp-content\/uploads\/2020\/10\/eau.png?fit=300%2C300&amp;ssl=1\" class=\"attachment-large size-large wp-image-389\" alt=\"\" srcset=\"https:\/\/i0.wp.com\/yca.be\/wp-content\/uploads\/2020\/10\/eau.png?w=300&amp;ssl=1 300w, https:\/\/i0.wp.com\/yca.be\/wp-content\/uploads\/2020\/10\/eau.png?resize=150%2C150&amp;ssl=1 150w\" sizes=\"(max-width: 300px) 100vw, 300px\" \/>\t\t\t\t\t\t\t\t\t\t\t\t\t<\/div>\n\t\t\t\t<\/div>\n\t\t\t\t<div class=\"elementor-element elementor-element-04f513e elementor-widget elementor-widget-text-editor\" data-id=\"04f513e\" data-element_type=\"widget\" data-widget_type=\"text-editor.default\">\n\t\t\t\t<div class=\"elementor-widget-container\">\n\t\t\t\t\t\t\t<h5>Eau<\/h5>\t\t\t\t\t\t<\/div>\n\t\t\t\t<\/div>\n\t\t\t\t\t<\/div>\n\t\t<\/div>\n\t\t\t\t<div class=\"elementor-column elementor-col-16 elementor-top-column elementor-element elementor-element-e920ca0\" data-id=\"e920ca0\" data-element_type=\"column\">\n\t\t\t<div class=\"elementor-widget-wrap elementor-element-populated\">\n\t\t\t\t\t\t<div class=\"elementor-element elementor-element-1e26b12 elementor-widget elementor-widget-image\" data-id=\"1e26b12\" data-element_type=\"widget\" data-widget_type=\"image.default\">\n\t\t\t\t<div class=\"elementor-widget-container\">\n\t\t\t\t\t\t\t\t\t\t\t\t\t<img loading=\"lazy\" decoding=\"async\" width=\"300\" height=\"300\" src=\"https:\/\/i0.wp.com\/yca.be\/wp-content\/uploads\/2020\/10\/Electricite\u0301.png?fit=300%2C300&amp;ssl=1\" class=\"attachment-large size-large wp-image-390\" alt=\"\" srcset=\"https:\/\/i0.wp.com\/yca.be\/wp-content\/uploads\/2020\/10\/Electricite\u0301.png?w=300&amp;ssl=1 300w, https:\/\/i0.wp.com\/yca.be\/wp-content\/uploads\/2020\/10\/Electricite\u0301.png?resize=150%2C150&amp;ssl=1 150w\" sizes=\"(max-width: 300px) 100vw, 300px\" \/>\t\t\t\t\t\t\t\t\t\t\t\t\t<\/div>\n\t\t\t\t<\/div>\n\t\t\t\t<div class=\"elementor-element elementor-element-2f120cd elementor-widget elementor-widget-text-editor\" data-id=\"2f120cd\" data-element_type=\"widget\" data-widget_type=\"text-editor.default\">\n\t\t\t\t<div class=\"elementor-widget-container\">\n\t\t\t\t\t\t\t<h5>\u00c9lectricit\u00e9<\/h5>\t\t\t\t\t\t<\/div>\n\t\t\t\t<\/div>\n\t\t\t\t\t<\/div>\n\t\t<\/div>\n\t\t\t\t<div class=\"elementor-column elementor-col-16 elementor-top-column elementor-element elementor-element-9dc3b09\" data-id=\"9dc3b09\" data-element_type=\"column\">\n\t\t\t<div class=\"elementor-widget-wrap elementor-element-populated\">\n\t\t\t\t\t\t<div class=\"elementor-element elementor-element-9760248 elementor-widget elementor-widget-image\" data-id=\"9760248\" data-element_type=\"widget\" data-widget_type=\"image.default\">\n\t\t\t\t<div class=\"elementor-widget-container\">\n\t\t\t\t\t\t\t\t\t\t\t\t\t<img loading=\"lazy\" decoding=\"async\" width=\"300\" height=\"300\" src=\"https:\/\/i0.wp.com\/yca.be\/wp-content\/uploads\/2020\/10\/resto.png?fit=300%2C300&amp;ssl=1\" class=\"attachment-large size-large wp-image-392\" alt=\"\" srcset=\"https:\/\/i0.wp.com\/yca.be\/wp-content\/uploads\/2020\/10\/resto.png?w=300&amp;ssl=1 300w, https:\/\/i0.wp.com\/yca.be\/wp-content\/uploads\/2020\/10\/resto.png?resize=150%2C150&amp;ssl=1 150w\" sizes=\"(max-width: 300px) 100vw, 300px\" \/>\t\t\t\t\t\t\t\t\t\t\t\t\t<\/div>\n\t\t\t\t<\/div>\n\t\t\t\t<div class=\"elementor-element elementor-element-a9d65c9 elementor-widget elementor-widget-text-editor\" data-id=\"a9d65c9\" data-element_type=\"widget\" data-widget_type=\"text-editor.default\">\n\t\t\t\t<div class=\"elementor-widget-container\">\n\t\t\t\t\t\t\t<h5>Restauration<\/h5>\t\t\t\t\t\t<\/div>\n\t\t\t\t<\/div>\n\t\t\t\t\t<\/div>\n\t\t<\/div>\n\t\t\t\t\t<\/div>\n\t\t<\/section>\n\t\t\t\t<section class=\"elementor-section elementor-top-section elementor-element elementor-element-4b6aeb6 elementor-section-boxed elementor-section-height-default elementor-section-height-default\" data-id=\"4b6aeb6\" data-element_type=\"section\">\n\t\t\t\t\t\t<div class=\"elementor-container elementor-column-gap-default\">\n\t\t\t\t\t<div class=\"elementor-column elementor-col-100 elementor-top-column elementor-element elementor-element-a1bd788\" data-id=\"a1bd788\" data-element_type=\"column\">\n\t\t\t<div class=\"elementor-widget-wrap elementor-element-populated\">\n\t\t\t\t\t\t<div class=\"elementor-element elementor-element-5d88384 elementor-widget elementor-widget-text-editor\" data-id=\"5d88384\" data-element_type=\"widget\" data-widget_type=\"text-editor.default\">\n\t\t\t\t<div class=\"elementor-widget-container\">\n\t\t\t\t\t\t\t<h3><strong>CLUB HOUSE DE L&#8217; YCA<\/strong><\/h3><p><strong>Connexion Wi-F<\/strong>i\u00a0 \u00a0 \u00a0 \u00a0 \u00a0 \u00a0 \u00a0 \u00a0 \u00a0 \u00a0 \u00a0 \u00a0 \u00a0 \u00a0 \u00a0 \u00a0 \u00a0 \u00a0<strong> \u00a0Gratuite<\/strong><\/p><p><strong>Electricit\u00e9\u00a0<\/strong> \u00a0 \u00a0 \u00a0 \u00a0 \u00a0 \u00a0 \u00a0 \u00a0 \u00a0 \u00a0 \u00a0 \u00a0 \u00a0 \u00a0 \u00a0 \u00a0 \u00a0 \u00a0 \u00a0 \u00a0 \u00a0 \u00a0 \u00a0 <strong>3 \u20ac \/ jour \/ bateau\u00a0 \u00a0 \u00a0 \u00a0 \u00a0 <\/strong><span style=\"text-decoration: underline;\">La dur\u00e9e maximale de nuit\u00e9es des visiteurs durant la saison d&#8217;\u00e9t\u00e9 est limit\u00e9e \u00e0 2 semaines<\/span><\/p><p><strong>Eau\u00a0<\/strong> \u00a0 \u00a0 \u00a0 \u00a0 \u00a0 \u00a0 \u00a0 \u00a0 \u00a0 \u00a0 \u00a0 \u00a0 \u00a0 \u00a0 \u00a0 \u00a0 \u00a0 \u00a0 \u00a0 \u00a0 \u00a0 \u00a0 \u00a0 \u00a0 \u00a0 \u00a0 \u00a0 \u00a0<strong> 2 \u20ac \u00e0 la demande<\/strong><\/p><p><strong>Douches<\/strong>\u00a0 \u00a0 \u00a0 \u00a0 \u00a0 \u00a0 \u00a0 \u00a0 \u00a0 \u00a0 \u00a0 \u00a0 \u00a0 \u00a0 \u00a0 \u00a0 \u00a0 \u00a0 \u00a0 \u00a0 \u00a0 \u00a0 \u00a0 \u00a0 \u00a0 <strong>2 \u20ac \/ douche<\/strong><\/p><p><strong>Machine \u00e0 laver<\/strong>\u00a0 \u00a0 \u00a0 \u00a0 \u00a0 \u00a0 \u00a0 \u00a0 \u00a0 \u00a0 \u00a0 \u00a0 \u00a0 \u00a0 \u00a0 \u00a0 \u00a0 \u00a0 \u00a0 <strong>3 \u20ac<\/strong><\/p><p><strong>Machine \u00e0 laver et s\u00e9choir\u00a0<\/strong>\u00a0 \u00a0 \u00a0 \u00a0 \u00a0 \u00a0 \u00a0 \u00a0 \u00a0 \u00a0<strong> 5\u00a0 \u20ac<\/strong><\/p>\t\t\t\t\t\t<\/div>\n\t\t\t\t<\/div>\n\t\t\t\t\t<\/div>\n\t\t<\/div>\n\t\t\t\t\t<\/div>\n\t\t<\/section>\n\t\t\t\t<\/div>\n\t\t","protected":false},"excerpt":{"rendered":"<p>Nos servicesD\u00e9couvrez l&#8217;ensemble de nos services. Sanitaires Douches Machine \u00e0 laver et s\u00e9choir Eau \u00c9lectricit\u00e9 Restauration CLUB HOUSE DE L&#8217; YCA Connexion Wi-Fi\u00a0 \u00a0 \u00a0 \u00a0 \u00a0 \u00a0 \u00a0 \u00a0 \u00a0 \u00a0 \u00a0 \u00a0 \u00a0 \u00a0 \u00a0 \u00a0 \u00a0 \u00a0 \u00a0Gratuite Electricit\u00e9\u00a0 \u00a0 \u00a0 \u00a0 \u00a0 \u00a0 \u00a0 \u00a0 \u00a0 \u00a0 \u00a0 \u00a0 \u00a0 \u00a0 [&hellip;]<\/p>\n","protected":false},"author":1,"featured_media":0,"parent":0,"menu_order":0,"comment_status":"closed","ping_status":"closed","template":"","meta":{"_bbp_topic_count":0,"_bbp_reply_count":0,"_bbp_total_topic_count":0,"_bbp_total_reply_count":0,"_bbp_voice_count":0,"_bbp_anonymous_reply_count":0,"_bbp_topic_count_hidden":0,"_bbp_reply_count_hidden":0,"_bbp_forum_subforum_count":0,"site-sidebar-layout":"no-sidebar","site-content-layout":"page-builder","ast-site-content-layout":"default","site-content-style":"default","site-sidebar-style":"default","ast-global-header-display":"","ast-banner-title-visibility":"","ast-main-header-display":"","ast-hfb-above-header-display":"","ast-hfb-below-header-display":"","ast-hfb-mobile-header-display":"","site-post-title":"disabled","ast-breadcrumbs-content":"","ast-featured-img":"disabled","footer-sml-layout":"","ast-disable-related-posts":"","theme-transparent-header-meta":"default","adv-header-id-meta":"","stick-header-meta":"default","header-above-stick-meta":"","header-main-stick-meta":"","header-below-stick-meta":"","astra-migrate-meta-layouts":"default","ast-page-background-enabled":"default","ast-page-background-meta":{"desktop":{"background-color":"","background-image":"","background-repeat":"repeat","background-position":"center center","background-size":"auto","background-attachment":"scroll","background-type":"","background-media":"","overlay-type":"","overlay-color":"","overlay-opacity":"","overlay-gradient":""},"tablet":{"background-color":"","background-image":"","background-repeat":"repeat","background-position":"center center","background-size":"auto","background-attachment":"scroll","background-type":"","background-media":"","overlay-type":"","overlay-color":"","overlay-opacity":"","overlay-gradient":""},"mobile":{"background-color":"","background-image":"","background-repeat":"repeat","background-position":"center center","background-size":"auto","background-attachment":"scroll","background-type":"","background-media":"","overlay-type":"","overlay-color":"","overlay-opacity":"","overlay-gradient":""}},"ast-content-background-meta":{"desktop":{"background-color":"var(--ast-global-color-5)","background-image":"","background-repeat":"repeat","background-position":"center center","background-size":"auto","background-attachment":"scroll","background-type":"","background-media":"","overlay-type":"","overlay-color":"","overlay-opacity":"","overlay-gradient":""},"tablet":{"background-color":"var(--ast-global-color-5)","background-image":"","background-repeat":"repeat","background-position":"center center","background-size":"auto","background-attachment":"scroll","background-type":"","background-media":"","overlay-type":"","overlay-color":"","overlay-opacity":"","overlay-gradient":""},"mobile":{"background-color":"var(--ast-global-color-5)","background-image":"","background-repeat":"repeat","background-position":"center center","background-size":"auto","background-attachment":"scroll","background-type":"","background-media":"","overlay-type":"","overlay-color":"","overlay-opacity":"","overlay-gradient":""}},"footnotes":""},"class_list":["post-217","page","type-page","status-publish","hentry"],"yoast_head":"<!-- This site is optimized with the Yoast SEO plugin v23.4 - https:\/\/yoast.com\/wordpress\/plugins\/seo\/ -->\n<title>Service - Yacht club d&#039;Anseremme<\/title>\n<meta name=\"robots\" content=\"index, follow, max-snippet:-1, max-image-preview:large, max-video-preview:-1\" \/>\n<link rel=\"canonical\" href=\"https:\/\/yca.be\/index.php\/service-fr\/\" \/>\n<meta property=\"og:locale\" content=\"fr_FR\" \/>\n<meta property=\"og:type\" content=\"article\" \/>\n<meta property=\"og:title\" content=\"Service - Yacht club d&#039;Anseremme\" \/>\n<meta property=\"og:description\" content=\"Nos servicesD\u00e9couvrez l&#8217;ensemble de nos services. Sanitaires Douches Machine \u00e0 laver et s\u00e9choir Eau \u00c9lectricit\u00e9 Restauration CLUB HOUSE DE L&#8217; YCA Connexion Wi-Fi\u00a0 \u00a0 \u00a0 \u00a0 \u00a0 \u00a0 \u00a0 \u00a0 \u00a0 \u00a0 \u00a0 \u00a0 \u00a0 \u00a0 \u00a0 \u00a0 \u00a0 \u00a0 \u00a0Gratuite Electricit\u00e9\u00a0 \u00a0 \u00a0 \u00a0 \u00a0 \u00a0 \u00a0 \u00a0 \u00a0 \u00a0 \u00a0 \u00a0 \u00a0 \u00a0 [&hellip;]\" \/>\n<meta property=\"og:url\" content=\"https:\/\/yca.be\/index.php\/service-fr\/\" \/>\n<meta property=\"og:site_name\" content=\"Yacht club d&#039;Anseremme\" \/>\n<meta property=\"article:modified_time\" content=\"2025-02-18T16:58:25+00:00\" \/>\n<meta property=\"og:image\" content=\"https:\/\/yca.be\/wp-content\/uploads\/2020\/10\/Sanitaire.png\" \/>\n<meta name=\"twitter:card\" content=\"summary_large_image\" \/>\n<meta name=\"twitter:label1\" content=\"Dur\u00e9e de lecture estim\u00e9e\" \/>\n\t<meta name=\"twitter:data1\" content=\"2 minutes\" \/>\n<script type=\"application\/ld+json\" class=\"yoast-schema-graph\">{\"@context\":\"https:\/\/schema.org\",\"@graph\":[{\"@type\":\"WebPage\",\"@id\":\"https:\/\/yca.be\/index.php\/service-fr\/\",\"url\":\"https:\/\/yca.be\/index.php\/service-fr\/\",\"name\":\"Service - Yacht club d&#039;Anseremme\",\"isPartOf\":{\"@id\":\"https:\/\/yca.be\/#website\"},\"primaryImageOfPage\":{\"@id\":\"https:\/\/yca.be\/index.php\/service-fr\/#primaryimage\"},\"image\":{\"@id\":\"https:\/\/yca.be\/index.php\/service-fr\/#primaryimage\"},\"thumbnailUrl\":\"https:\/\/yca.be\/wp-content\/uploads\/2020\/10\/Sanitaire.png\",\"datePublished\":\"2020-10-24T21:19:20+00:00\",\"dateModified\":\"2025-02-18T16:58:25+00:00\",\"breadcrumb\":{\"@id\":\"https:\/\/yca.be\/index.php\/service-fr\/#breadcrumb\"},\"inLanguage\":\"fr-FR\",\"potentialAction\":[{\"@type\":\"ReadAction\",\"target\":[\"https:\/\/yca.be\/index.php\/service-fr\/\"]}]},{\"@type\":\"ImageObject\",\"inLanguage\":\"fr-FR\",\"@id\":\"https:\/\/yca.be\/index.php\/service-fr\/#primaryimage\",\"url\":\"https:\/\/i0.wp.com\/yca.be\/wp-content\/uploads\/2020\/10\/Sanitaire.png?fit=300%2C300&ssl=1\",\"contentUrl\":\"https:\/\/i0.wp.com\/yca.be\/wp-content\/uploads\/2020\/10\/Sanitaire.png?fit=300%2C300&ssl=1\",\"width\":300,\"height\":300},{\"@type\":\"BreadcrumbList\",\"@id\":\"https:\/\/yca.be\/index.php\/service-fr\/#breadcrumb\",\"itemListElement\":[{\"@type\":\"ListItem\",\"position\":1,\"name\":\"Accueil\",\"item\":\"https:\/\/yca.be\/\"},{\"@type\":\"ListItem\",\"position\":2,\"name\":\"Service\"}]},{\"@type\":\"WebSite\",\"@id\":\"https:\/\/yca.be\/#website\",\"url\":\"https:\/\/yca.be\/\",\"name\":\"Yacht club d&#039;Anseremme\",\"description\":\"Port d&#039;Anseremme\",\"publisher\":{\"@id\":\"https:\/\/yca.be\/#organization\"},\"potentialAction\":[{\"@type\":\"SearchAction\",\"target\":{\"@type\":\"EntryPoint\",\"urlTemplate\":\"https:\/\/yca.be\/?s={search_term_string}\"},\"query-input\":{\"@type\":\"PropertyValueSpecification\",\"valueRequired\":true,\"valueName\":\"search_term_string\"}}],\"inLanguage\":\"fr-FR\"},{\"@type\":\"Organization\",\"@id\":\"https:\/\/yca.be\/#organization\",\"name\":\"Yacht Club d'Anseremme\",\"url\":\"https:\/\/yca.be\/\",\"logo\":{\"@type\":\"ImageObject\",\"inLanguage\":\"fr-FR\",\"@id\":\"https:\/\/yca.be\/#\/schema\/logo\/image\/\",\"url\":\"https:\/\/i0.wp.com\/yca.be\/wp-content\/uploads\/2020\/10\/logo-180x180.png?fit=180%2C180&ssl=1\",\"contentUrl\":\"https:\/\/i0.wp.com\/yca.be\/wp-content\/uploads\/2020\/10\/logo-180x180.png?fit=180%2C180&ssl=1\",\"width\":180,\"height\":180,\"caption\":\"Yacht Club d'Anseremme\"},\"image\":{\"@id\":\"https:\/\/yca.be\/#\/schema\/logo\/image\/\"}}]}<\/script>\n<!-- \/ Yoast SEO plugin. -->","yoast_head_json":{"title":"Service - Yacht club d&#039;Anseremme","robots":{"index":"index","follow":"follow","max-snippet":"max-snippet:-1","max-image-preview":"max-image-preview:large","max-video-preview":"max-video-preview:-1"},"canonical":"https:\/\/yca.be\/index.php\/service-fr\/","og_locale":"fr_FR","og_type":"article","og_title":"Service - Yacht club d&#039;Anseremme","og_description":"Nos servicesD\u00e9couvrez l&#8217;ensemble de nos services. Sanitaires Douches Machine \u00e0 laver et s\u00e9choir Eau \u00c9lectricit\u00e9 Restauration CLUB HOUSE DE L&#8217; YCA Connexion Wi-Fi\u00a0 \u00a0 \u00a0 \u00a0 \u00a0 \u00a0 \u00a0 \u00a0 \u00a0 \u00a0 \u00a0 \u00a0 \u00a0 \u00a0 \u00a0 \u00a0 \u00a0 \u00a0 \u00a0Gratuite Electricit\u00e9\u00a0 \u00a0 \u00a0 \u00a0 \u00a0 \u00a0 \u00a0 \u00a0 \u00a0 \u00a0 \u00a0 \u00a0 \u00a0 \u00a0 [&hellip;]","og_url":"https:\/\/yca.be\/index.php\/service-fr\/","og_site_name":"Yacht club d&#039;Anseremme","article_modified_time":"2025-02-18T16:58:25+00:00","og_image":[{"url":"https:\/\/yca.be\/wp-content\/uploads\/2020\/10\/Sanitaire.png"}],"twitter_card":"summary_large_image","twitter_misc":{"Dur\u00e9e de lecture estim\u00e9e":"2 minutes"},"schema":{"@context":"https:\/\/schema.org","@graph":[{"@type":"WebPage","@id":"https:\/\/yca.be\/index.php\/service-fr\/","url":"https:\/\/yca.be\/index.php\/service-fr\/","name":"Service - Yacht club d&#039;Anseremme","isPartOf":{"@id":"https:\/\/yca.be\/#website"},"primaryImageOfPage":{"@id":"https:\/\/yca.be\/index.php\/service-fr\/#primaryimage"},"image":{"@id":"https:\/\/yca.be\/index.php\/service-fr\/#primaryimage"},"thumbnailUrl":"https:\/\/yca.be\/wp-content\/uploads\/2020\/10\/Sanitaire.png","datePublished":"2020-10-24T21:19:20+00:00","dateModified":"2025-02-18T16:58:25+00:00","breadcrumb":{"@id":"https:\/\/yca.be\/index.php\/service-fr\/#breadcrumb"},"inLanguage":"fr-FR","potentialAction":[{"@type":"ReadAction","target":["https:\/\/yca.be\/index.php\/service-fr\/"]}]},{"@type":"ImageObject","inLanguage":"fr-FR","@id":"https:\/\/yca.be\/index.php\/service-fr\/#primaryimage","url":"https:\/\/i0.wp.com\/yca.be\/wp-content\/uploads\/2020\/10\/Sanitaire.png?fit=300%2C300&ssl=1","contentUrl":"https:\/\/i0.wp.com\/yca.be\/wp-content\/uploads\/2020\/10\/Sanitaire.png?fit=300%2C300&ssl=1","width":300,"height":300},{"@type":"BreadcrumbList","@id":"https:\/\/yca.be\/index.php\/service-fr\/#breadcrumb","itemListElement":[{"@type":"ListItem","position":1,"name":"Accueil","item":"https:\/\/yca.be\/"},{"@type":"ListItem","position":2,"name":"Service"}]},{"@type":"WebSite","@id":"https:\/\/yca.be\/#website","url":"https:\/\/yca.be\/","name":"Yacht club d&#039;Anseremme","description":"Port d&#039;Anseremme","publisher":{"@id":"https:\/\/yca.be\/#organization"},"potentialAction":[{"@type":"SearchAction","target":{"@type":"EntryPoint","urlTemplate":"https:\/\/yca.be\/?s={search_term_string}"},"query-input":{"@type":"PropertyValueSpecification","valueRequired":true,"valueName":"search_term_string"}}],"inLanguage":"fr-FR"},{"@type":"Organization","@id":"https:\/\/yca.be\/#organization","name":"Yacht Club d'Anseremme","url":"https:\/\/yca.be\/","logo":{"@type":"ImageObject","inLanguage":"fr-FR","@id":"https:\/\/yca.be\/#\/schema\/logo\/image\/","url":"https:\/\/i0.wp.com\/yca.be\/wp-content\/uploads\/2020\/10\/logo-180x180.png?fit=180%2C180&ssl=1","contentUrl":"https:\/\/i0.wp.com\/yca.be\/wp-content\/uploads\/2020\/10\/logo-180x180.png?fit=180%2C180&ssl=1","width":180,"height":180,"caption":"Yacht Club d'Anseremme"},"image":{"@id":"https:\/\/yca.be\/#\/schema\/logo\/image\/"}}]}},"jetpack_sharing_enabled":true,"jetpack_likes_enabled":true,"_links":{"self":[{"href":"https:\/\/yca.be\/index.php\/wp-json\/wp\/v2\/pages\/217"}],"collection":[{"href":"https:\/\/yca.be\/index.php\/wp-json\/wp\/v2\/pages"}],"about":[{"href":"https:\/\/yca.be\/index.php\/wp-json\/wp\/v2\/types\/page"}],"author":[{"embeddable":true,"href":"https:\/\/yca.be\/index.php\/wp-json\/wp\/v2\/users\/1"}],"replies":[{"embeddable":true,"href":"https:\/\/yca.be\/index.php\/wp-json\/wp\/v2\/comments?post=217"}],"version-history":[{"count":46,"href":"https:\/\/yca.be\/index.php\/wp-json\/wp\/v2\/pages\/217\/revisions"}],"predecessor-version":[{"id":16738,"href":"https:\/\/yca.be\/index.php\/wp-json\/wp\/v2\/pages\/217\/revisions\/16738"}],"wp:attachment":[{"href":"https:\/\/yca.be\/index.php\/wp-json\/wp\/v2\/media?parent=217"}],"curies":[{"name":"wp","href":"https:\/\/api.w.org\/{rel}","templated":true}]}}